{"id":294,"date":"2025-08-20T04:46:11","date_gmt":"2025-08-20T04:46:11","guid":{"rendered":"https:\/\/fotofilmfans.cz\/kontaktuj-nas\/"},"modified":"2025-10-31T16:03:00","modified_gmt":"2025-10-31T16:03:00","slug":"kontaktuj-nas","status":"publish","type":"page","link":"https:\/\/fotofilmfans.cz\/cs\/kontaktuj-nas\/","title":{"rendered":"Kontaktuj n\u00e1s"},"content":{"rendered":"\n<h1 class=\"wp-block-heading\">Kontaktuj n\u00e1s<\/h1>\n\n<div style=\"height:40px\" aria-hidden=\"true\" class=\"wp-block-spacer\"><\/div>\n\n<div class=\"wp-block-columns is-layout-flex wp-container-core-columns-is-layout-28f84493 wp-block-columns-is-layout-flex\">\n<div class=\"wp-block-column is-layout-flow wp-block-column-is-layout-flow\">\n<p><strong>Adresa<\/strong>: Pob\u0159e\u017en\u00ed 224\/20, Praha 8, a z\u00edskej voln\u00fd p\u0159\u00edstup ke v\u0161em fotografi\u00edm a film\u016fm na termin\u00e1lu (PC)<\/p>\n\n\n\n<p><strong>Email<\/strong>: <a href=\"mailto:info.fotofilm@seznam.cz\" target=\"_blank\" rel=\"noreferrer noopener\">info.fotofilm@seznam.cz<\/a> <\/p>\n\n\n\n<p><strong>Tel<\/strong>: +420-775 837 861<\/p>\n<\/div>\n\n\n\n<div class=\"wp-block-column is-layout-flow wp-block-column-is-layout-flow\"><noscript class=\"ninja-forms-noscript-message\">\n\tUpozorn\u011bn\u00ed: U tohoto obsahu je vy\u017eadov\u00e1n JavaScript.<\/noscript>\n<div id=\"nf-form-1-cont\" class=\"nf-form-cont\" aria-live=\"polite\" aria-labelledby=\"nf-form-title-1\" aria-describedby=\"nf-form-errors-1\" role=\"form\">\n\n    <div class=\"nf-loading-spinner\"><\/div>\n\n<\/div>\n        <!-- That data is being printed as a workaround to page builders reordering the order of the scripts loaded-->\n        <script>var formDisplay=1;var nfForms=nfForms||[];var form=[];form.id='1';form.settings={\"title\":\"Kontaktuj m\\u011b\",\"key\":\"\",\"created_at\":\"2025-10-02 16:02:23\",\"default_label_pos\":\"above\",\"conditions\":[],\"objectType\":\"Form Setting\",\"editActive\":\"\",\"show_title\":\"1\",\"clear_complete\":\"1\",\"hide_complete\":\"1\",\"wrapper_class\":\"\",\"element_class\":\"\",\"add_submit\":\"1\",\"logged_in\":\"\",\"not_logged_in_msg\":\"\",\"sub_limit_number\":\"\",\"sub_limit_msg\":\"\",\"calculations\":[],\"formContentData\":[{\"order\":\"0\",\"cells\":[{\"order\":\"0\",\"fields\":[\"name\"],\"width\":\"100\"}]},{\"order\":\"1\",\"cells\":[{\"order\":\"0\",\"fields\":[\"email\"],\"width\":\"100\"}]},{\"order\":\"2\",\"cells\":[{\"order\":\"0\",\"fields\":[\"message\"],\"width\":\"100\"}]},{\"order\":\"3\",\"cells\":[{\"order\":\"0\",\"fields\":[\"submit\"],\"width\":\"100\"}]}],\"container_styles_background-color\":\"\",\"container_styles_border\":\"\",\"container_styles_border-style\":\"\",\"container_styles_border-color\":\"\",\"container_styles_color\":\"\",\"container_styles_height\":\"\",\"container_styles_width\":\"\",\"container_styles_font-size\":\"\",\"container_styles_margin\":\"\",\"container_styles_padding\":\"\",\"container_styles_display\":\"\",\"container_styles_float\":\"\",\"container_styles_show_advanced_css\":\"0\",\"container_styles_advanced\":\"\",\"title_styles_background-color\":\"\",\"title_styles_border\":\"\",\"title_styles_border-style\":\"\",\"title_styles_border-color\":\"\",\"title_styles_color\":\"\",\"title_styles_height\":\"\",\"title_styles_width\":\"\",\"title_styles_font-size\":\"\",\"title_styles_margin\":\"\",\"title_styles_padding\":\"\",\"title_styles_display\":\"\",\"title_styles_float\":\"\",\"title_styles_show_advanced_css\":\"0\",\"title_styles_advanced\":\"\",\"row_styles_background-color\":\"\",\"row_styles_border\":\"\",\"row_styles_border-style\":\"\",\"row_styles_border-color\":\"\",\"row_styles_color\":\"\",\"row_styles_height\":\"\",\"row_styles_width\":\"\",\"row_styles_font-size\":\"\",\"row_styles_margin\":\"\",\"row_styles_padding\":\"\",\"row_styles_display\":\"\",\"row_styles_show_advanced_css\":\"0\",\"row_styles_advanced\":\"\",\"row-odd_styles_background-color\":\"\",\"row-odd_styles_border\":\"\",\"row-odd_styles_border-style\":\"\",\"row-odd_styles_border-color\":\"\",\"row-odd_styles_color\":\"\",\"row-odd_styles_height\":\"\",\"row-odd_styles_width\":\"\",\"row-odd_styles_font-size\":\"\",\"row-odd_styles_margin\":\"\",\"row-odd_styles_padding\":\"\",\"row-odd_styles_display\":\"\",\"row-odd_styles_show_advanced_css\":\"0\",\"row-odd_styles_advanced\":\"\",\"success-msg_styles_background-color\":\"\",\"success-msg_styles_border\":\"\",\"success-msg_styles_border-style\":\"\",\"success-msg_styles_border-color\":\"\",\"success-msg_styles_color\":\"\",\"success-msg_styles_height\":\"\",\"success-msg_styles_width\":\"\",\"success-msg_styles_font-size\":\"\",\"success-msg_styles_margin\":\"\",\"success-msg_styles_padding\":\"\",\"success-msg_styles_display\":\"\",\"success-msg_styles_show_advanced_css\":\"0\",\"success-msg_styles_advanced\":\"\",\"error_msg_styles_background-color\":\"\",\"error_msg_styles_border\":\"\",\"error_msg_styles_border-style\":\"\",\"error_msg_styles_border-color\":\"\",\"error_msg_styles_color\":\"\",\"error_msg_styles_height\":\"\",\"error_msg_styles_width\":\"\",\"error_msg_styles_font-size\":\"\",\"error_msg_styles_margin\":\"\",\"error_msg_styles_padding\":\"\",\"error_msg_styles_display\":\"\",\"error_msg_styles_show_advanced_css\":\"0\",\"error_msg_styles_advanced\":\"\",\"ninjaForms\":\"Ninja Forms\",\"changeEmailErrorMsg\":\"Zadejte platnou e-mailovou adresu!\",\"changeDateErrorMsg\":\"Pros\\u00edm vlo\\u017ete spr\\u00e1vn\\u00e9 datum!\",\"confirmFieldErrorMsg\":\"Tato pole se mus\\u00ed shodovat!\",\"fieldNumberNumMinError\":\"Chyba minim\\u00e1ln\\u00ed hodnoty\",\"fieldNumberNumMaxError\":\"Chyba maxim\\u00e1ln\\u00ed hodnoty\",\"fieldNumberIncrementBy\":\"Pros\\u00edm, zvy\\u0161te o\",\"fieldTextareaRTEInsertLink\":\"Vlo\\u017eit odkaz\",\"fieldTextareaRTEInsertMedia\":\"Vlo\\u017ete medi\\u00e1ln\\u00ed soubor\",\"fieldTextareaRTESelectAFile\":\"Vyberte soubor\",\"formErrorsCorrectErrors\":\"P\\u0159ed odesl\\u00e1n\\u00edm tohoto formul\\u00e1\\u0159e opravte chyby.\",\"formHoneypot\":\"Pokud jste \\u010dlov\\u011bk, kter\\u00fd vid\\u00ed toto pole, nechte ho pros\\u00edm pr\\u00e1zdn\\u00e9.\",\"validateRequiredField\":\"Toto pole je povinn\\u00e9.\",\"honeypotHoneypotError\":\"Honeypot Error\",\"fileUploadOldCodeFileUploadInProgress\":\"Prob\\u00edh\\u00e1 nahr\\u00e1v\\u00e1n\\u00ed souboru.\",\"fileUploadOldCodeFileUpload\":\"NAHR\\u00c1T SOUBOR\",\"currencySymbol\":false,\"fieldsMarkedRequired\":\"Pole ozna\\u010den\\u00e9 <span class=\\\"ninja-forms-req-symbol\\\">*<\\\/span> jsou povinn\\u00e9\",\"thousands_sep\":\"&nbsp;\",\"decimal_point\":\",\",\"siteLocale\":\"cs_CZ\",\"dateFormat\":\"m\\\/d\\\/Y\",\"startOfWeek\":\"1\",\"of\":\"\\\/\",\"previousMonth\":\"P\\u0159edch\\u00e1zej\\u00edc\\u00ed m\\u011bs\\u00edc\",\"nextMonth\":\"P\\u0159\\u00ed\\u0161t\\u00ed m\\u011bs\\u00edc\",\"months\":[\"Leden\",\"\\u00danor\",\"B\\u0159ezen\",\"Duben\",\"Kv\\u011bten\",\"\\u010cerven\",\"\\u010cervenec\",\"Srpen\",\"Z\\u00e1\\u0159\\u00ed\",\"\\u0158\\u00edjen\",\"Listopad\",\"Prosinec\"],\"monthsShort\":[\"Led\",\"\\u00dano\",\"B\\u0159e\",\"Dub\",\"Kv\\u011bten\",\"\\u010cvn\",\"\\u010cvc\",\"Srp\",\"Z\\u00e1\\u0159\",\"\\u0158\\u00edj\",\"Lis\",\"Pro\"],\"weekdays\":[\"Ned\\u011ble\",\"Pond\\u011bl\\u00ed\",\"\\u00dater\\u00fd\",\"St\\u0159eda\",\"\\u010ctvrtek\",\"P\\u00e1tek\",\"Sobota\"],\"weekdaysShort\":[\"Ne\",\"Po\",\"\\u00dat\",\"St\",\"\\u010ct\",\"P\\u00e1\",\"So\"],\"weekdaysMin\":[\"Ne\",\"Po\",\"\\u00dat\",\"St\",\"\\u010ct\",\"P\\u00e1\",\"So\"],\"recaptchaConsentMissing\":\"reCaptcha validation couldn&#039;t load.\",\"recaptchaMissingCookie\":\"reCaptcha v3 validation couldn&#039;t load the cookie needed to submit the form.\",\"recaptchaConsentEvent\":\"Accept reCaptcha cookies before sending the form.\",\"embed_form\":\"\",\"currency_symbol\":\"\",\"beforeForm\":\"\",\"beforeFields\":\"\",\"afterFields\":\"\",\"afterForm\":\"\"};form.fields=[{\"label\":\"Jm\\u00e9no\",\"key\":\"name\",\"parent_id\":1,\"type\":\"textbox\",\"created_at\":\"2025-10-02 16:02:24\",\"label_pos\":\"above\",\"required\":1,\"order\":1,\"placeholder\":\"\",\"default\":\"\",\"wrapper_class\":\"\",\"element_class\":\"\",\"objectType\":\"Field\",\"objectDomain\":\"fields\",\"editActive\":\"\",\"container_class\":\"\",\"input_limit\":\"\",\"input_limit_type\":\"characters\",\"input_limit_msg\":\"Zb\\u00fdvaj\\u00edc\\u00ed znaky\",\"manual_key\":\"\",\"disable_input\":\"\",\"admin_label\":\"\",\"help_text\":\"\",\"desc_text\":\"\",\"disable_browser_autocomplete\":\"\",\"mask\":\"\",\"custom_mask\":\"\",\"wrap_styles_background-color\":\"\",\"wrap_styles_border\":\"\",\"wrap_styles_border-style\":\"\",\"wrap_styles_border-color\":\"\",\"wrap_styles_color\":\"\",\"wrap_styles_height\":\"\",\"wrap_styles_width\":\"\",\"wrap_styles_font-size\":\"\",\"wrap_styles_margin\":\"\",\"wrap_styles_padding\":\"\",\"wrap_styles_display\":\"\",\"wrap_styles_float\":\"\",\"wrap_styles_show_advanced_css\":0,\"wrap_styles_advanced\":\"\",\"label_styles_background-color\":\"\",\"label_styles_border\":\"\",\"label_styles_border-style\":\"\",\"label_styles_border-color\":\"\",\"label_styles_color\":\"\",\"label_styles_height\":\"\",\"label_styles_width\":\"\",\"label_styles_font-size\":\"\",\"label_styles_margin\":\"\",\"label_styles_padding\":\"\",\"label_styles_display\":\"\",\"label_styles_float\":\"\",\"label_styles_show_advanced_css\":0,\"label_styles_advanced\":\"\",\"element_styles_background-color\":\"\",\"element_styles_border\":\"\",\"element_styles_border-style\":\"\",\"element_styles_border-color\":\"\",\"element_styles_color\":\"\",\"element_styles_height\":\"\",\"element_styles_width\":\"\",\"element_styles_font-size\":\"\",\"element_styles_margin\":\"\",\"element_styles_padding\":\"\",\"element_styles_display\":\"\",\"element_styles_float\":\"\",\"element_styles_show_advanced_css\":0,\"element_styles_advanced\":\"\",\"cellcid\":\"c3277\",\"id\":1,\"beforeField\":\"\",\"afterField\":\"\",\"value\":\"\",\"parentType\":\"textbox\",\"element_templates\":[\"textbox\",\"input\"],\"old_classname\":\"\",\"wrap_template\":\"wrap\"},{\"label\":\"E-mail\",\"key\":\"email\",\"parent_id\":1,\"type\":\"email\",\"created_at\":\"2025-10-02 16:02:24\",\"label_pos\":\"above\",\"required\":1,\"order\":2,\"placeholder\":\"\",\"default\":\"\",\"wrapper_class\":\"\",\"element_class\":\"\",\"objectType\":\"Field\",\"objectDomain\":\"fields\",\"editActive\":\"\",\"container_class\":\"\",\"admin_label\":\"\",\"help_text\":\"\",\"desc_text\":\"\",\"wrap_styles_background-color\":\"\",\"wrap_styles_border\":\"\",\"wrap_styles_border-style\":\"\",\"wrap_styles_border-color\":\"\",\"wrap_styles_color\":\"\",\"wrap_styles_height\":\"\",\"wrap_styles_width\":\"\",\"wrap_styles_font-size\":\"\",\"wrap_styles_margin\":\"\",\"wrap_styles_padding\":\"\",\"wrap_styles_display\":\"\",\"wrap_styles_float\":\"\",\"wrap_styles_show_advanced_css\":0,\"wrap_styles_advanced\":\"\",\"label_styles_background-color\":\"\",\"label_styles_border\":\"\",\"label_styles_border-style\":\"\",\"label_styles_border-color\":\"\",\"label_styles_color\":\"\",\"label_styles_height\":\"\",\"label_styles_width\":\"\",\"label_styles_font-size\":\"\",\"label_styles_margin\":\"\",\"label_styles_padding\":\"\",\"label_styles_display\":\"\",\"label_styles_float\":\"\",\"label_styles_show_advanced_css\":0,\"label_styles_advanced\":\"\",\"element_styles_background-color\":\"\",\"element_styles_border\":\"\",\"element_styles_border-style\":\"\",\"element_styles_border-color\":\"\",\"element_styles_color\":\"\",\"element_styles_height\":\"\",\"element_styles_width\":\"\",\"element_styles_font-size\":\"\",\"element_styles_margin\":\"\",\"element_styles_padding\":\"\",\"element_styles_display\":\"\",\"element_styles_float\":\"\",\"element_styles_show_advanced_css\":0,\"element_styles_advanced\":\"\",\"cellcid\":\"c3281\",\"id\":2,\"beforeField\":\"\",\"afterField\":\"\",\"value\":\"\",\"parentType\":\"email\",\"element_templates\":[\"email\",\"input\"],\"old_classname\":\"\",\"wrap_template\":\"wrap\"},{\"label\":\"Zpr\\u00e1va\",\"key\":\"message\",\"parent_id\":1,\"type\":\"textarea\",\"created_at\":\"2025-10-02 16:02:24\",\"label_pos\":\"above\",\"required\":1,\"order\":3,\"placeholder\":\"\",\"default\":\"\",\"wrapper_class\":\"\",\"element_class\":\"\",\"objectType\":\"Field\",\"objectDomain\":\"fields\",\"editActive\":\"\",\"container_class\":\"\",\"input_limit\":\"\",\"input_limit_type\":\"characters\",\"input_limit_msg\":\"Zb\\u00fdvaj\\u00edc\\u00ed znaky\",\"manual_key\":\"\",\"disable_input\":\"\",\"admin_label\":\"\",\"help_text\":\"\",\"desc_text\":\"\",\"disable_browser_autocomplete\":\"\",\"textarea_rte\":\"\",\"disable_rte_mobile\":\"\",\"textarea_media\":\"\",\"wrap_styles_background-color\":\"\",\"wrap_styles_border\":\"\",\"wrap_styles_border-style\":\"\",\"wrap_styles_border-color\":\"\",\"wrap_styles_color\":\"\",\"wrap_styles_height\":\"\",\"wrap_styles_width\":\"\",\"wrap_styles_font-size\":\"\",\"wrap_styles_margin\":\"\",\"wrap_styles_padding\":\"\",\"wrap_styles_display\":\"\",\"wrap_styles_float\":\"\",\"wrap_styles_show_advanced_css\":0,\"wrap_styles_advanced\":\"\",\"label_styles_background-color\":\"\",\"label_styles_border\":\"\",\"label_styles_border-style\":\"\",\"label_styles_border-color\":\"\",\"label_styles_color\":\"\",\"label_styles_height\":\"\",\"label_styles_width\":\"\",\"label_styles_font-size\":\"\",\"label_styles_margin\":\"\",\"label_styles_padding\":\"\",\"label_styles_display\":\"\",\"label_styles_float\":\"\",\"label_styles_show_advanced_css\":0,\"label_styles_advanced\":\"\",\"element_styles_background-color\":\"\",\"element_styles_border\":\"\",\"element_styles_border-style\":\"\",\"element_styles_border-color\":\"\",\"element_styles_color\":\"\",\"element_styles_height\":\"\",\"element_styles_width\":\"\",\"element_styles_font-size\":\"\",\"element_styles_margin\":\"\",\"element_styles_padding\":\"\",\"element_styles_display\":\"\",\"element_styles_float\":\"\",\"element_styles_show_advanced_css\":0,\"element_styles_advanced\":\"\",\"cellcid\":\"c3284\",\"id\":3,\"beforeField\":\"\",\"afterField\":\"\",\"value\":\"\",\"parentType\":\"textarea\",\"element_templates\":[\"textarea\",\"input\"],\"old_classname\":\"\",\"wrap_template\":\"wrap\"},{\"label\":\"Odeslat\",\"key\":\"submit\",\"parent_id\":1,\"type\":\"submit\",\"created_at\":\"2025-10-02 16:02:24\",\"processing_label\":\"Zpracov\\u00e1v\\u00e1n\\u00ed\",\"order\":5,\"objectType\":\"Field\",\"objectDomain\":\"fields\",\"editActive\":\"\",\"container_class\":\"\",\"element_class\":\"\",\"wrap_styles_background-color\":\"\",\"wrap_styles_border\":\"\",\"wrap_styles_border-style\":\"\",\"wrap_styles_border-color\":\"\",\"wrap_styles_color\":\"\",\"wrap_styles_height\":\"\",\"wrap_styles_width\":\"\",\"wrap_styles_font-size\":\"\",\"wrap_styles_margin\":\"\",\"wrap_styles_padding\":\"\",\"wrap_styles_display\":\"\",\"wrap_styles_float\":\"\",\"wrap_styles_show_advanced_css\":0,\"wrap_styles_advanced\":\"\",\"label_styles_background-color\":\"\",\"label_styles_border\":\"\",\"label_styles_border-style\":\"\",\"label_styles_border-color\":\"\",\"label_styles_color\":\"\",\"label_styles_height\":\"\",\"label_styles_width\":\"\",\"label_styles_font-size\":\"\",\"label_styles_margin\":\"\",\"label_styles_padding\":\"\",\"label_styles_display\":\"\",\"label_styles_float\":\"\",\"label_styles_show_advanced_css\":0,\"label_styles_advanced\":\"\",\"element_styles_background-color\":\"\",\"element_styles_border\":\"\",\"element_styles_border-style\":\"\",\"element_styles_border-color\":\"\",\"element_styles_color\":\"\",\"element_styles_height\":\"\",\"element_styles_width\":\"\",\"element_styles_font-size\":\"\",\"element_styles_margin\":\"\",\"element_styles_padding\":\"\",\"element_styles_display\":\"\",\"element_styles_float\":\"\",\"element_styles_show_advanced_css\":0,\"element_styles_advanced\":\"\",\"submit_element_hover_styles_background-color\":\"\",\"submit_element_hover_styles_border\":\"\",\"submit_element_hover_styles_border-style\":\"\",\"submit_element_hover_styles_border-color\":\"\",\"submit_element_hover_styles_color\":\"\",\"submit_element_hover_styles_height\":\"\",\"submit_element_hover_styles_width\":\"\",\"submit_element_hover_styles_font-size\":\"\",\"submit_element_hover_styles_margin\":\"\",\"submit_element_hover_styles_padding\":\"\",\"submit_element_hover_styles_display\":\"\",\"submit_element_hover_styles_float\":\"\",\"submit_element_hover_styles_show_advanced_css\":0,\"submit_element_hover_styles_advanced\":\"\",\"cellcid\":\"c3287\",\"id\":4,\"beforeField\":\"\",\"afterField\":\"\",\"value\":\"\",\"label_pos\":\"above\",\"parentType\":\"textbox\",\"element_templates\":[\"submit\",\"button\",\"input\"],\"old_classname\":\"\",\"wrap_template\":\"wrap-no-label\"}];nfForms.push(form);<\/script>\n        <\/div>\n<\/div>\n","protected":false},"excerpt":{"rendered":"<p>Kontaktuj n\u00e1s Adresa: Pob\u0159e\u017en\u00ed 224\/20, Praha 8, a z\u00edskej voln\u00fd p\u0159\u00edstup ke v\u0161em fotografi\u00edm a film\u016fm na termin\u00e1lu (PC) Email: info.fotofilm@seznam.cz Tel: +420-775 837 861<\/p>\n","protected":false},"author":7,"featured_media":0,"parent":0,"menu_order":0,"comment_status":"closed","ping_status":"closed","template":"","meta":{"_acf_changed":false,"footnotes":""},"class_list":["post-294","page","type-page","status-publish","hentry"],"acf":[],"yoast_head":"<!-- This site is optimized with the Yoast SEO plugin v26.1.1 - https:\/\/yoast.com\/wordpress\/plugins\/seo\/ -->\n<title>Kontaktuj n\u00e1s - Fotofilm Fans<\/title>\n<meta name=\"robots\" content=\"index, follow, max-snippet:-1, max-image-preview:large, max-video-preview:-1\" \/>\n<link rel=\"canonical\" href=\"https:\/\/fotofilmfans.cz\/cs\/kontaktuj-nas\/\" \/>\n<meta property=\"og:locale\" content=\"cs_CZ\" \/>\n<meta property=\"og:type\" content=\"article\" \/>\n<meta property=\"og:title\" content=\"Kontaktuj n\u00e1s - Fotofilm Fans\" \/>\n<meta property=\"og:description\" content=\"Kontaktuj n\u00e1s Adresa: Pob\u0159e\u017en\u00ed 224\/20, Praha 8, a z\u00edskej voln\u00fd p\u0159\u00edstup ke v\u0161em fotografi\u00edm a film\u016fm na termin\u00e1lu (PC) Email: info.fotofilm@seznam.cz Tel: +420-775 837 861\" \/>\n<meta property=\"og:url\" content=\"https:\/\/fotofilmfans.cz\/cs\/kontaktuj-nas\/\" \/>\n<meta property=\"og:site_name\" content=\"Fotofilm Fans\" \/>\n<meta property=\"article:modified_time\" content=\"2025-10-31T16:03:00+00:00\" \/>\n<meta name=\"twitter:card\" content=\"summary_large_image\" \/>\n<script type=\"application\/ld+json\" class=\"yoast-schema-graph\">{\"@context\":\"https:\/\/schema.org\",\"@graph\":[{\"@type\":\"WebPage\",\"@id\":\"https:\/\/fotofilmfans.cz\/cs\/kontaktuj-nas\/\",\"url\":\"https:\/\/fotofilmfans.cz\/cs\/kontaktuj-nas\/\",\"name\":\"Kontaktuj n\u00e1s - Fotofilm Fans\",\"isPartOf\":{\"@id\":\"https:\/\/fotofilmfans.cz\/cs\/#website\"},\"datePublished\":\"2025-08-20T04:46:11+00:00\",\"dateModified\":\"2025-10-31T16:03:00+00:00\",\"breadcrumb\":{\"@id\":\"https:\/\/fotofilmfans.cz\/cs\/kontaktuj-nas\/#breadcrumb\"},\"inLanguage\":\"cs\",\"potentialAction\":[{\"@type\":\"ReadAction\",\"target\":[\"https:\/\/fotofilmfans.cz\/cs\/kontaktuj-nas\/\"]}]},{\"@type\":\"BreadcrumbList\",\"@id\":\"https:\/\/fotofilmfans.cz\/cs\/kontaktuj-nas\/#breadcrumb\",\"itemListElement\":[{\"@type\":\"ListItem\",\"position\":1,\"name\":\"Home\",\"item\":\"https:\/\/fotofilmfans.cz\/cs\/domu\/\"},{\"@type\":\"ListItem\",\"position\":2,\"name\":\"Kontaktuj n\u00e1s\"}]},{\"@type\":\"WebSite\",\"@id\":\"https:\/\/fotofilmfans.cz\/cs\/#website\",\"url\":\"https:\/\/fotofilmfans.cz\/cs\/\",\"name\":\"Fotofilm Fans\",\"description\":\"\",\"publisher\":{\"@id\":\"https:\/\/fotofilmfans.cz\/cs\/#organization\"},\"potentialAction\":[{\"@type\":\"SearchAction\",\"target\":{\"@type\":\"EntryPoint\",\"urlTemplate\":\"https:\/\/fotofilmfans.cz\/cs\/?s={search_term_string}\"},\"query-input\":{\"@type\":\"PropertyValueSpecification\",\"valueRequired\":true,\"valueName\":\"search_term_string\"}}],\"inLanguage\":\"cs\"},{\"@type\":\"Organization\",\"@id\":\"https:\/\/fotofilmfans.cz\/cs\/#organization\",\"name\":\"Fotofilm Fans\",\"url\":\"https:\/\/fotofilmfans.cz\/cs\/\",\"logo\":{\"@type\":\"ImageObject\",\"inLanguage\":\"cs\",\"@id\":\"https:\/\/fotofilmfans.cz\/cs\/#\/schema\/logo\/image\/\",\"url\":\"https:\/\/fotofilmfans.cz\/wp-content\/uploads\/2025\/09\/FotoFilm.png\",\"contentUrl\":\"https:\/\/fotofilmfans.cz\/wp-content\/uploads\/2025\/09\/FotoFilm.png\",\"width\":223,\"height\":44,\"caption\":\"Fotofilm Fans\"},\"image\":{\"@id\":\"https:\/\/fotofilmfans.cz\/cs\/#\/schema\/logo\/image\/\"}}]}<\/script>\n<!-- \/ Yoast SEO plugin. -->","yoast_head_json":{"title":"Kontaktuj n\u00e1s - Fotofilm Fans","robots":{"index":"index","follow":"follow","max-snippet":"max-snippet:-1","max-image-preview":"max-image-preview:large","max-video-preview":"max-video-preview:-1"},"canonical":"https:\/\/fotofilmfans.cz\/cs\/kontaktuj-nas\/","og_locale":"cs_CZ","og_type":"article","og_title":"Kontaktuj n\u00e1s - Fotofilm Fans","og_description":"Kontaktuj n\u00e1s Adresa: Pob\u0159e\u017en\u00ed 224\/20, Praha 8, a z\u00edskej voln\u00fd p\u0159\u00edstup ke v\u0161em fotografi\u00edm a film\u016fm na termin\u00e1lu (PC) Email: info.fotofilm@seznam.cz Tel: +420-775 837 861","og_url":"https:\/\/fotofilmfans.cz\/cs\/kontaktuj-nas\/","og_site_name":"Fotofilm Fans","article_modified_time":"2025-10-31T16:03:00+00:00","twitter_card":"summary_large_image","schema":{"@context":"https:\/\/schema.org","@graph":[{"@type":"WebPage","@id":"https:\/\/fotofilmfans.cz\/cs\/kontaktuj-nas\/","url":"https:\/\/fotofilmfans.cz\/cs\/kontaktuj-nas\/","name":"Kontaktuj n\u00e1s - Fotofilm Fans","isPartOf":{"@id":"https:\/\/fotofilmfans.cz\/cs\/#website"},"datePublished":"2025-08-20T04:46:11+00:00","dateModified":"2025-10-31T16:03:00+00:00","breadcrumb":{"@id":"https:\/\/fotofilmfans.cz\/cs\/kontaktuj-nas\/#breadcrumb"},"inLanguage":"cs","potentialAction":[{"@type":"ReadAction","target":["https:\/\/fotofilmfans.cz\/cs\/kontaktuj-nas\/"]}]},{"@type":"BreadcrumbList","@id":"https:\/\/fotofilmfans.cz\/cs\/kontaktuj-nas\/#breadcrumb","itemListElement":[{"@type":"ListItem","position":1,"name":"Home","item":"https:\/\/fotofilmfans.cz\/cs\/domu\/"},{"@type":"ListItem","position":2,"name":"Kontaktuj n\u00e1s"}]},{"@type":"WebSite","@id":"https:\/\/fotofilmfans.cz\/cs\/#website","url":"https:\/\/fotofilmfans.cz\/cs\/","name":"Fotofilm Fans","description":"","publisher":{"@id":"https:\/\/fotofilmfans.cz\/cs\/#organization"},"potentialAction":[{"@type":"SearchAction","target":{"@type":"EntryPoint","urlTemplate":"https:\/\/fotofilmfans.cz\/cs\/?s={search_term_string}"},"query-input":{"@type":"PropertyValueSpecification","valueRequired":true,"valueName":"search_term_string"}}],"inLanguage":"cs"},{"@type":"Organization","@id":"https:\/\/fotofilmfans.cz\/cs\/#organization","name":"Fotofilm Fans","url":"https:\/\/fotofilmfans.cz\/cs\/","logo":{"@type":"ImageObject","inLanguage":"cs","@id":"https:\/\/fotofilmfans.cz\/cs\/#\/schema\/logo\/image\/","url":"https:\/\/fotofilmfans.cz\/wp-content\/uploads\/2025\/09\/FotoFilm.png","contentUrl":"https:\/\/fotofilmfans.cz\/wp-content\/uploads\/2025\/09\/FotoFilm.png","width":223,"height":44,"caption":"Fotofilm Fans"},"image":{"@id":"https:\/\/fotofilmfans.cz\/cs\/#\/schema\/logo\/image\/"}}]}},"_links":{"self":[{"href":"https:\/\/fotofilmfans.cz\/cs\/wp-json\/wp\/v2\/pages\/294","targetHints":{"allow":["GET"]}}],"collection":[{"href":"https:\/\/fotofilmfans.cz\/cs\/wp-json\/wp\/v2\/pages"}],"about":[{"href":"https:\/\/fotofilmfans.cz\/cs\/wp-json\/wp\/v2\/types\/page"}],"author":[{"embeddable":true,"href":"https:\/\/fotofilmfans.cz\/cs\/wp-json\/wp\/v2\/users\/7"}],"replies":[{"embeddable":true,"href":"https:\/\/fotofilmfans.cz\/cs\/wp-json\/wp\/v2\/comments?post=294"}],"version-history":[{"count":1,"href":"https:\/\/fotofilmfans.cz\/cs\/wp-json\/wp\/v2\/pages\/294\/revisions"}],"predecessor-version":[{"id":295,"href":"https:\/\/fotofilmfans.cz\/cs\/wp-json\/wp\/v2\/pages\/294\/revisions\/295"}],"wp:attachment":[{"href":"https:\/\/fotofilmfans.cz\/cs\/wp-json\/wp\/v2\/media?parent=294"}],"curies":[{"name":"wp","href":"https:\/\/api.w.org\/{rel}","templated":true}]}}