{"id":298,"date":"2025-08-20T04:45:40","date_gmt":"2025-08-20T04:45:40","guid":{"rendered":"https:\/\/fotofilmfans.cz\/domu\/"},"modified":"2025-10-31T16:03:31","modified_gmt":"2025-10-31T16:03:31","slug":"domu","status":"publish","type":"page","link":"https:\/\/fotofilmfans.cz\/cs\/","title":{"rendered":"Dom\u016f"},"content":{"rendered":"<div id=block_ec23901b748216f683f72c3d5c7ca221 class=\"block block--hero\">\n\t<div class=\"acf-innerblocks-container\">\n\n<div class=\"wp-block-cover alignfull\"><img loading=\"lazy\" decoding=\"async\" width=\"1024\" height=\"417\" class=\"wp-block-cover__image-background wp-image-125 size-large\" alt=\"\" src=\"https:\/\/fotofilmfans.cz\/wp-content\/uploads\/2025\/09\/Rectangle-44-1024x417.png\" data-object-fit=\"cover\" srcset=\"https:\/\/fotofilmfans.cz\/wp-content\/uploads\/2025\/09\/Rectangle-44-1024x417.png 1024w, https:\/\/fotofilmfans.cz\/wp-content\/uploads\/2025\/09\/Rectangle-44-300x122.png 300w, https:\/\/fotofilmfans.cz\/wp-content\/uploads\/2025\/09\/Rectangle-44-768x312.png 768w, https:\/\/fotofilmfans.cz\/wp-content\/uploads\/2025\/09\/Rectangle-44-1536x625.png 1536w, https:\/\/fotofilmfans.cz\/wp-content\/uploads\/2025\/09\/Rectangle-44-18x7.png 18w, https:\/\/fotofilmfans.cz\/wp-content\/uploads\/2025\/09\/Rectangle-44.png 1728w\" sizes=\"auto, (max-width: 1024px) 100vw, 1024px\" \/><span aria-hidden=\"true\" class=\"wp-block-cover__background has-background-dim\" style=\"background-color:#23201b\"><\/span><div class=\"wp-block-cover__inner-container is-layout-constrained wp-block-cover-is-layout-constrained\">\n<div style=\"height:160px\" aria-hidden=\"true\" class=\"wp-block-spacer\"><\/div>\n\n\n\n<h2 class=\"wp-block-heading has-text-align-center has-huge-font-size\" style=\"font-style:normal;font-weight:400;line-height:1\">Exkluzivn\u00ed p\u0159\u00edstup k foto filmu<\/h2>\n\n\n\n<h2 class=\"wp-block-heading has-text-align-center has-huge-font-size\" style=\"font-style:normal;font-weight:700;line-height:1\"><strong>Pr\u00e9miov\u00e9 modelky<\/strong><\/h2>\n\n\n\n<div style=\"height:15px\" aria-hidden=\"true\" class=\"wp-block-spacer\"><\/div>\n\n\n\n<p class=\"has-text-align-center has-small-font-size\">Z\u00edskejte fotografie a filmy, nebo po\u017e\u00e1dejte modelky o vytvo\u0159en\u00ed exkluzivn\u00edch <br\/>fotografi\u00ed a film\u016f jen pro v\u00e1s.<\/p>\n\n\n\n<div style=\"height:22px\" aria-hidden=\"true\" class=\"wp-block-spacer\"><\/div>\n\n\n\t<div id=block_16b037ed9e16f7f36c366f215f7931d4 class=\"js-register-button block block--register-button\">\n\t\t<div class=\"acf-innerblocks-container\"><\/div>\n\t<\/div>\n\t\n\n\n<div style=\"height:20px\" aria-hidden=\"true\" class=\"wp-block-spacer\"><\/div>\n\n\n\n<p class=\"has-text-align-center has-small-font-size\">Nebo nav\u0161tivte prodejn\u00ed m\u00edsto, Pob\u0159e\u017en\u00ed 224\/20, Praha 8<\/p>\n\n\n\n<div style=\"height:100px\" aria-hidden=\"true\" class=\"wp-block-spacer\"><\/div>\n<\/div><\/div>\n\n<\/div>\n<\/div>\n\n<figure class=\"wp-block-image aligncenter size-full\"><img loading=\"lazy\" decoding=\"async\" width=\"2093\" height=\"2560\" src=\"https:\/\/fotofilmfans.cz\/wp-content\/uploads\/2025\/10\/girls_4-scaled.webp\" alt=\"\" class=\"wp-image-237\" srcset=\"https:\/\/fotofilmfans.cz\/wp-content\/uploads\/2025\/10\/girls_4-scaled.webp 2093w, https:\/\/fotofilmfans.cz\/wp-content\/uploads\/2025\/10\/girls_4-245x300.webp 245w, https:\/\/fotofilmfans.cz\/wp-content\/uploads\/2025\/10\/girls_4-837x1024.webp 837w, https:\/\/fotofilmfans.cz\/wp-content\/uploads\/2025\/10\/girls_4-768x939.webp 768w, https:\/\/fotofilmfans.cz\/wp-content\/uploads\/2025\/10\/girls_4-1256x1536.webp 1256w, https:\/\/fotofilmfans.cz\/wp-content\/uploads\/2025\/10\/girls_4-1675x2048.webp 1675w\" sizes=\"auto, (max-width: 2093px) 100vw, 2093px\" \/><\/figure>\n\n<h2 class=\"wp-block-heading has-text-align-center has-black-color has-text-color has-link-color has-extra-large-font-size wp-elements-2c9d6cf53d0b6d3ab25d4110f42acc7b\">Zaregistrujte se pro <mark style=\"background-color:rgba(0, 0, 0, 0)\" class=\"has-inline-color has-yellow-color\">odemknut\u00ed<\/mark> a p\u0159\u00edm\u00fd p\u0159\u00edstup.<\/h2>\n\n<div style=\"height:24px\" aria-hidden=\"true\" class=\"wp-block-spacer\"><\/div>\n\t<div id=block_b959554d4432ceb509d89417f5410457 class=\"js-register-button block block--register-button\">\n\t\t<div class=\"acf-innerblocks-container\">\n\n<div class=\"wp-block-button is-style-outline is-style-outline--1\"><a class=\"wp-block-button__link has-text-align-center wp-element-button\" style=\"border-radius:0px\">Zaregistrujte se nyn\u00ed<\/a><\/div>\n\n<\/div>\n\t<\/div>\n\t\n<p class=\"has-text-align-center\">Prohl\u00e9dn\u011bte si portfolio fotografi\u00ed a film\u016f zdarma na prodejn\u00edm termin\u00e1lu (PC) na adrese Pob\u0159e\u017en\u00ed 224\/20, Praha 8.<\/p>\n\n<div class=\"wp-block-cover alignfull\"><img loading=\"lazy\" decoding=\"async\" width=\"1024\" height=\"559\" class=\"wp-block-cover__image-background wp-image-116 size-large\" alt=\"\" src=\"https:\/\/fotofilmfans.cz\/wp-content\/uploads\/2025\/09\/Group-76-1024x559.png\" style=\"object-position:50% 0%\" data-object-fit=\"cover\" data-object-position=\"50% 0%\" srcset=\"https:\/\/fotofilmfans.cz\/wp-content\/uploads\/2025\/09\/Group-76-1024x559.png 1024w, https:\/\/fotofilmfans.cz\/wp-content\/uploads\/2025\/09\/Group-76-300x164.png 300w, https:\/\/fotofilmfans.cz\/wp-content\/uploads\/2025\/09\/Group-76-768x420.png 768w, https:\/\/fotofilmfans.cz\/wp-content\/uploads\/2025\/09\/Group-76-1536x839.png 1536w, https:\/\/fotofilmfans.cz\/wp-content\/uploads\/2025\/09\/Group-76-18x10.png 18w, https:\/\/fotofilmfans.cz\/wp-content\/uploads\/2025\/09\/Group-76.png 1728w\" sizes=\"auto, (max-width: 1024px) 100vw, 1024px\" \/><span aria-hidden=\"true\" class=\"wp-block-cover__background has-background-dim\" style=\"background-color:#333333\"><\/span><div class=\"wp-block-cover__inner-container is-layout-constrained wp-block-cover-is-layout-constrained\">\n<div class=\"wp-block-cover is-style-glass\"><span aria-hidden=\"true\" class=\"wp-block-cover__background has-transparent-background-color has-background-dim-100 has-background-dim\"><\/span><div class=\"wp-block-cover__inner-container is-layout-constrained wp-block-cover-is-layout-constrained\"><div class=\"how-it-works-container\">\n\t<div class=\"left\">\n\t\t<h2>Jak to funguje<\/h2>\n\t\t<p>Jednoduch\u00e9, bezpe\u010dn\u00e9 a soukrom\u00e9 ve \u010dty\u0159ech kroc\u00edch.<\/p>\n\t\t\t\t\t<a class=\"button button--link\" href=\"https:\/\/fotofilmfans.cz\/models\/\" target=\"_self\">\n\t\t\t\tProhl\u00e9dn\u011bte si uk\u00e1zkovou galerii\t\t\t<\/a>\n\t\t\n\t\t<div class=\"left__bottom\">\n\t\t\t\t\t\t\t<a class=\"button button--yellow\" href=\"#registration\" target=\"_self\">\n\t\t\t\t\t<img decoding=\"async\" src=\"https:\/\/fotofilmfans.cz\/wp-content\/themes\/custom\/fotofilm\/images\/user.svg\" alt=\"\" style=\"width: 24px;\" \/>\n\t\t\t\t\tZaregistrujte se nyn\u00ed\t\t\t\t<\/a>\n\t\t\t\n\t\t\t\t\t\t\t<p class=\"pre-address\">Nebo<\/p>\n\t\t\t\n\t\t\t\t\t\t\t<div class=\"address\">\n\t\t\t\t\t<span><img decoding=\"async\" src=\"https:\/\/fotofilmfans.cz\/wp-content\/themes\/custom\/fotofilm\/images\/marker.svg\" alt=\"Marker\" \/><\/span>\n\t\t\t\t\t<div><strong>Nav\u0161tivte prodejn\u00ed m\u00edsto<\/strong><br>Pob\u0159e\u017en\u00ed 224\/20, Praha 8, a z\u00edskejte zdarma p\u0159\u00edstup ke v\u0161em fotografi\u00edm a film\u016fm na termin\u00e1lu (PC)<\/div>\n\t\t\t\t<\/div>\n\t\t\t\t\t<\/div>\n\t<\/div>\n\n  \t<div class=\"steps\">\n\t\t\t\t\t\t<div class=\"step\">\n\t\t\t\t\t<div class=\"step-number\">01<\/div>\n\t\t\t\t\t<div class=\"step-content\">\n\t\t\t\t\t\t<h3>Registrace<\/h3>\n\t\t\t\t\t\t<p>Vytvo\u0159te si zdarma \u00fa\u010det pro p\u0159\u00edstup k bezplatn\u00fdm fotografi\u00edm a film\u016fm pr\u00e9miov\u00fdch modelek.<\/p>\n\t\t\t\t\t<\/div>\n\t\t\t\t<\/div>\n\t\t\t\t\t\t\t\t<div class=\"step\">\n\t\t\t\t\t<div class=\"step-number\">02<\/div>\n\t\t\t\t\t<div class=\"step-content\">\n\t\t\t\t\t\t<h3>N\u00e1hled profilu<\/h3>\n\t\t\t\t\t\t<p>Prohl\u00e9dn\u011bte si 1 bezplatnou fotografii a film ka\u017ed\u00e9 modelky a z\u00edskejte e-mailovou adresu pro dal\u0161\u00ed uzam\u010den\u00e9 fotografie a filmy.<\/p>\n\t\t\t\t\t<\/div>\n\t\t\t\t<\/div>\n\t\t\t\t\t\t\t\t<div class=\"step\">\n\t\t\t\t\t<div class=\"step-number\">03<\/div>\n\t\t\t\t\t<div class=\"step-content\">\n\t\t\t\t\t\t<h3>Kontakt &amp; platba<\/h3>\n\t\t\t\t\t\t<p>Z\u00edskejte e-mailovou adresu modelek, spojte se p\u0159\u00edmo s modelkami a domluvte si soukrom\u00e9 platebn\u00ed podm\u00ednky p\u0159\u00edmo pro z\u00edsk\u00e1n\u00ed dal\u0161\u00edch uzam\u010den\u00fdch fotografi\u00ed.<\/p>\n\t\t\t\t\t<\/div>\n\t\t\t\t<\/div>\n\t\t\t\t\t\t\t\t<div class=\"step\">\n\t\t\t\t\t<div class=\"step-number\">04<\/div>\n\t\t\t\t\t<div class=\"step-content\">\n\t\t\t\t\t\t<h3>St\u00e1hnout obsah<\/h3>\n\t\t\t\t\t\t<p>Z\u00edskejte odemykac\u00ed k\u00f3dy p\u0159\u00edmo od modelky po p\u0159\u00edm\u00e9 platb\u011b modelce a st\u00e1hn\u011bte si obsah (platnost vypr\u0161\u00ed za 30 dn\u00ed)<\/p>\n\t\t\t\t\t<\/div>\n\t\t\t\t<\/div>\n\t\t\t\t\t<\/div>\n<\/div>\n<\/div><\/div>\n<\/div><\/div>\n\n<div style=\"height:100px\" aria-hidden=\"true\" class=\"wp-block-spacer\"><\/div>\n\n<div class=\"wp-block-group is-content-justification-center is-nowrap is-layout-flex wp-container-core-group-is-layout-23441af8 wp-block-group-is-layout-flex\">\t<div id=block_85a727c487f2e2da228c18ec96785ddd class=\"js-register-button block block--register-button\">\n\t\t<div class=\"acf-innerblocks-container\">\n\n<div class=\"wp-block-button\"><a class=\"wp-block-button__link has-white-color has-yellow-background-color has-text-color has-background has-link-color has-large-font-size has-custom-font-size wp-element-button\" style=\"border-radius:0px\"><img loading=\"lazy\" decoding=\"async\" width=\"36\" height=\"36\" class=\"wp-image-144\" style=\"width: 36px;\" src=\"https:\/\/fotofilmfans.cz\/wp-content\/uploads\/2025\/09\/Frame.png\" alt=\"\" srcset=\"https:\/\/fotofilmfans.cz\/wp-content\/uploads\/2025\/09\/Frame.png 36w, https:\/\/fotofilmfans.cz\/wp-content\/uploads\/2025\/09\/Frame-12x12.png 12w\" sizes=\"auto, (max-width: 36px) 100vw, 36px\" \/>  Zaregistrujte se nyn\u00ed<\/a><\/div>\n\n<\/div>\n\t<\/div>\n\t\n\n\n<div class=\"wp-block-buttons is-content-justification-center is-layout-flex wp-container-core-buttons-is-layout-a89b3969 wp-block-buttons-is-layout-flex\">\n<div class=\"wp-block-button is-style-outline is-style-outline--2\"><a class=\"wp-block-button__link has-black-color has-white-background-color has-text-color has-background has-link-color has-border-color has-large-font-size has-custom-font-size wp-element-button\" href=\"https:\/\/fotofilmfans.cz\/cs\/jak-to-funguje\/\" style=\"border-color:#bcbcbc;border-width:1px;border-radius:0px\">Zjistit v\u00edce<\/a><\/div>\n<\/div>\n<\/div>\n","protected":false},"excerpt":{"rendered":"<p>Zaregistrujte se pro odemknut\u00ed a p\u0159\u00edm\u00fd p\u0159\u00edstup. Prohl\u00e9dn\u011bte si portfolio fotografi\u00ed a film\u016f zdarma na prodejn\u00edm termin\u00e1lu (PC) na adrese Pob\u0159e\u017en\u00ed 224\/20, Praha 8.<\/p>\n","protected":false},"author":7,"featured_media":0,"parent":0,"menu_order":0,"comment_status":"closed","ping_status":"closed","template":"","meta":{"_acf_changed":false,"footnotes":""},"class_list":["post-298","page","type-page","status-publish","hentry"],"acf":[],"yoast_head":"<!-- This site is optimized with the Yoast SEO plugin v26.1.1 - https:\/\/yoast.com\/wordpress\/plugins\/seo\/ -->\n<title>Dom\u016f - Fotofilm Fans<\/title>\n<meta name=\"robots\" content=\"index, follow, max-snippet:-1, max-image-preview:large, max-video-preview:-1\" \/>\n<link rel=\"canonical\" href=\"https:\/\/fotofilmfans.cz\/cs\/\" \/>\n<meta property=\"og:locale\" content=\"cs_CZ\" \/>\n<meta property=\"og:type\" content=\"article\" \/>\n<meta property=\"og:title\" content=\"Dom\u016f - Fotofilm Fans\" \/>\n<meta property=\"og:description\" content=\"Zaregistrujte se pro odemknut\u00ed a p\u0159\u00edm\u00fd p\u0159\u00edstup. Prohl\u00e9dn\u011bte si portfolio fotografi\u00ed a film\u016f zdarma na prodejn\u00edm termin\u00e1lu (PC) na adrese Pob\u0159e\u017en\u00ed 224\/20, Praha 8.\" \/>\n<meta property=\"og:url\" content=\"https:\/\/fotofilmfans.cz\/cs\/\" \/>\n<meta property=\"og:site_name\" content=\"Fotofilm Fans\" \/>\n<meta property=\"article:modified_time\" content=\"2025-10-31T16:03:31+00:00\" \/>\n<meta property=\"og:image\" content=\"https:\/\/fotofilmfans.cz\/wp-content\/uploads\/2025\/09\/Rectangle-44.png\" \/>\n\t<meta property=\"og:image:width\" content=\"1728\" \/>\n\t<meta property=\"og:image:height\" content=\"703\" \/>\n\t<meta property=\"og:image:type\" content=\"image\/png\" \/>\n<meta name=\"twitter:card\" content=\"summary_large_image\" \/>\n<script type=\"application\/ld+json\" class=\"yoast-schema-graph\">{\"@context\":\"https:\/\/schema.org\",\"@graph\":[{\"@type\":\"WebPage\",\"@id\":\"https:\/\/fotofilmfans.cz\/cs\/\",\"url\":\"https:\/\/fotofilmfans.cz\/cs\/\",\"name\":\"Dom\u016f - Fotofilm Fans\",\"isPartOf\":{\"@id\":\"https:\/\/fotofilmfans.cz\/cs\/#website\"},\"primaryImageOfPage\":{\"@id\":\"https:\/\/fotofilmfans.cz\/cs\/#primaryimage\"},\"image\":{\"@id\":\"https:\/\/fotofilmfans.cz\/cs\/#primaryimage\"},\"thumbnailUrl\":\"https:\/\/fotofilmfans.cz\/wp-content\/uploads\/2025\/09\/Rectangle-44-1024x417.png\",\"datePublished\":\"2025-08-20T04:45:40+00:00\",\"dateModified\":\"2025-10-31T16:03:31+00:00\",\"breadcrumb\":{\"@id\":\"https:\/\/fotofilmfans.cz\/cs\/#breadcrumb\"},\"inLanguage\":\"cs\",\"potentialAction\":[{\"@type\":\"ReadAction\",\"target\":[\"https:\/\/fotofilmfans.cz\/cs\/\"]}]},{\"@type\":\"ImageObject\",\"inLanguage\":\"cs\",\"@id\":\"https:\/\/fotofilmfans.cz\/cs\/#primaryimage\",\"url\":\"https:\/\/fotofilmfans.cz\/wp-content\/uploads\/2025\/09\/Rectangle-44-1024x417.png\",\"contentUrl\":\"https:\/\/fotofilmfans.cz\/wp-content\/uploads\/2025\/09\/Rectangle-44-1024x417.png\"},{\"@type\":\"BreadcrumbList\",\"@id\":\"https:\/\/fotofilmfans.cz\/cs\/#breadcrumb\",\"itemListElement\":[{\"@type\":\"ListItem\",\"position\":1,\"name\":\"Home\",\"item\":\"https:\/\/fotofilmfans.cz\/cs\/domu\/\"},{\"@type\":\"ListItem\",\"position\":2,\"name\":\"Dom\u016f\"}]},{\"@type\":\"WebSite\",\"@id\":\"https:\/\/fotofilmfans.cz\/cs\/#website\",\"url\":\"https:\/\/fotofilmfans.cz\/cs\/\",\"name\":\"Fotofilm Fans\",\"description\":\"\",\"publisher\":{\"@id\":\"https:\/\/fotofilmfans.cz\/cs\/#organization\"},\"potentialAction\":[{\"@type\":\"SearchAction\",\"target\":{\"@type\":\"EntryPoint\",\"urlTemplate\":\"https:\/\/fotofilmfans.cz\/cs\/?s={search_term_string}\"},\"query-input\":{\"@type\":\"PropertyValueSpecification\",\"valueRequired\":true,\"valueName\":\"search_term_string\"}}],\"inLanguage\":\"cs\"},{\"@type\":\"Organization\",\"@id\":\"https:\/\/fotofilmfans.cz\/cs\/#organization\",\"name\":\"Fotofilm Fans\",\"url\":\"https:\/\/fotofilmfans.cz\/cs\/\",\"logo\":{\"@type\":\"ImageObject\",\"inLanguage\":\"cs\",\"@id\":\"https:\/\/fotofilmfans.cz\/cs\/#\/schema\/logo\/image\/\",\"url\":\"https:\/\/fotofilmfans.cz\/wp-content\/uploads\/2025\/09\/FotoFilm.png\",\"contentUrl\":\"https:\/\/fotofilmfans.cz\/wp-content\/uploads\/2025\/09\/FotoFilm.png\",\"width\":223,\"height\":44,\"caption\":\"Fotofilm Fans\"},\"image\":{\"@id\":\"https:\/\/fotofilmfans.cz\/cs\/#\/schema\/logo\/image\/\"}}]}<\/script>\n<!-- \/ Yoast SEO plugin. -->","yoast_head_json":{"title":"Dom\u016f - Fotofilm Fans","robots":{"index":"index","follow":"follow","max-snippet":"max-snippet:-1","max-image-preview":"max-image-preview:large","max-video-preview":"max-video-preview:-1"},"canonical":"https:\/\/fotofilmfans.cz\/cs\/","og_locale":"cs_CZ","og_type":"article","og_title":"Dom\u016f - Fotofilm Fans","og_description":"Zaregistrujte se pro odemknut\u00ed a p\u0159\u00edm\u00fd p\u0159\u00edstup. Prohl\u00e9dn\u011bte si portfolio fotografi\u00ed a film\u016f zdarma na prodejn\u00edm termin\u00e1lu (PC) na adrese Pob\u0159e\u017en\u00ed 224\/20, Praha 8.","og_url":"https:\/\/fotofilmfans.cz\/cs\/","og_site_name":"Fotofilm Fans","article_modified_time":"2025-10-31T16:03:31+00:00","og_image":[{"width":1728,"height":703,"url":"https:\/\/fotofilmfans.cz\/wp-content\/uploads\/2025\/09\/Rectangle-44.png","type":"image\/png"}],"twitter_card":"summary_large_image","schema":{"@context":"https:\/\/schema.org","@graph":[{"@type":"WebPage","@id":"https:\/\/fotofilmfans.cz\/cs\/","url":"https:\/\/fotofilmfans.cz\/cs\/","name":"Dom\u016f - Fotofilm Fans","isPartOf":{"@id":"https:\/\/fotofilmfans.cz\/cs\/#website"},"primaryImageOfPage":{"@id":"https:\/\/fotofilmfans.cz\/cs\/#primaryimage"},"image":{"@id":"https:\/\/fotofilmfans.cz\/cs\/#primaryimage"},"thumbnailUrl":"https:\/\/fotofilmfans.cz\/wp-content\/uploads\/2025\/09\/Rectangle-44-1024x417.png","datePublished":"2025-08-20T04:45:40+00:00","dateModified":"2025-10-31T16:03:31+00:00","breadcrumb":{"@id":"https:\/\/fotofilmfans.cz\/cs\/#breadcrumb"},"inLanguage":"cs","potentialAction":[{"@type":"ReadAction","target":["https:\/\/fotofilmfans.cz\/cs\/"]}]},{"@type":"ImageObject","inLanguage":"cs","@id":"https:\/\/fotofilmfans.cz\/cs\/#primaryimage","url":"https:\/\/fotofilmfans.cz\/wp-content\/uploads\/2025\/09\/Rectangle-44-1024x417.png","contentUrl":"https:\/\/fotofilmfans.cz\/wp-content\/uploads\/2025\/09\/Rectangle-44-1024x417.png"},{"@type":"BreadcrumbList","@id":"https:\/\/fotofilmfans.cz\/cs\/#breadcrumb","itemListElement":[{"@type":"ListItem","position":1,"name":"Home","item":"https:\/\/fotofilmfans.cz\/cs\/domu\/"},{"@type":"ListItem","position":2,"name":"Dom\u016f"}]},{"@type":"WebSite","@id":"https:\/\/fotofilmfans.cz\/cs\/#website","url":"https:\/\/fotofilmfans.cz\/cs\/","name":"Fotofilm Fans","description":"","publisher":{"@id":"https:\/\/fotofilmfans.cz\/cs\/#organization"},"potentialAction":[{"@type":"SearchAction","target":{"@type":"EntryPoint","urlTemplate":"https:\/\/fotofilmfans.cz\/cs\/?s={search_term_string}"},"query-input":{"@type":"PropertyValueSpecification","valueRequired":true,"valueName":"search_term_string"}}],"inLanguage":"cs"},{"@type":"Organization","@id":"https:\/\/fotofilmfans.cz\/cs\/#organization","name":"Fotofilm Fans","url":"https:\/\/fotofilmfans.cz\/cs\/","logo":{"@type":"ImageObject","inLanguage":"cs","@id":"https:\/\/fotofilmfans.cz\/cs\/#\/schema\/logo\/image\/","url":"https:\/\/fotofilmfans.cz\/wp-content\/uploads\/2025\/09\/FotoFilm.png","contentUrl":"https:\/\/fotofilmfans.cz\/wp-content\/uploads\/2025\/09\/FotoFilm.png","width":223,"height":44,"caption":"Fotofilm Fans"},"image":{"@id":"https:\/\/fotofilmfans.cz\/cs\/#\/schema\/logo\/image\/"}}]}},"_links":{"self":[{"href":"https:\/\/fotofilmfans.cz\/cs\/wp-json\/wp\/v2\/pages\/298","targetHints":{"allow":["GET"]}}],"collection":[{"href":"https:\/\/fotofilmfans.cz\/cs\/wp-json\/wp\/v2\/pages"}],"about":[{"href":"https:\/\/fotofilmfans.cz\/cs\/wp-json\/wp\/v2\/types\/page"}],"author":[{"embeddable":true,"href":"https:\/\/fotofilmfans.cz\/cs\/wp-json\/wp\/v2\/users\/7"}],"replies":[{"embeddable":true,"href":"https:\/\/fotofilmfans.cz\/cs\/wp-json\/wp\/v2\/comments?post=298"}],"version-history":[{"count":1,"href":"https:\/\/fotofilmfans.cz\/cs\/wp-json\/wp\/v2\/pages\/298\/revisions"}],"predecessor-version":[{"id":302,"href":"https:\/\/fotofilmfans.cz\/cs\/wp-json\/wp\/v2\/pages\/298\/revisions\/302"}],"wp:attachment":[{"href":"https:\/\/fotofilmfans.cz\/cs\/wp-json\/wp\/v2\/media?parent=298"}],"curies":[{"name":"wp","href":"https:\/\/api.w.org\/{rel}","templated":true}]}}